{"id":1287,"date":"2023-05-17T16:52:23","date_gmt":"2023-05-17T16:52:23","guid":{"rendered":"https:\/\/demosestrategiasymas.com\/lesuissespa\/?page_id=1287"},"modified":"2023-07-05T20:06:26","modified_gmt":"2023-07-05T20:06:26","slug":"contacto","status":"publish","type":"page","link":"https:\/\/demosestrategiasymas.com\/lesuissespa\/contacto\/","title":{"rendered":"Contacto"},"content":{"rendered":"<style>\/*! elementor - v3.11.1 - 15-02-2023 *\/\n.elementor-heading-title{padding:0;margin:0;line-height:1}.elementor-widget-heading .elementor-heading-title[class*=elementor-size-]>a{color:inherit;font-size:inherit;line-height:inherit}.elementor-widget-heading .elementor-heading-title.elementor-size-small{font-size:15px}.elementor-widget-heading .elementor-heading-title.elementor-size-medium{font-size:19px}.elementor-widget-heading .elementor-heading-title.elementor-size-large{font-size:29px}.elementor-widget-heading .elementor-heading-title.elementor-size-xl{font-size:39px}.elementor-widget-heading .elementor-heading-title.elementor-size-xxl{font-size:59px}<\/style>\n<h1>Contacto<\/h1>\n<p>\t\t\t<a href=\"#next\"><br \/>\n\t\t\t\t\t\t<\/a><\/p>\n<h2>Cont\u00e1ctanos, ser\u00e1 un gusto atenderte<\/h2>\n<link rel=\"stylesheet\" href=\"https:\/\/demosestrategiasymas.com\/lesuissespa\/wp-content\/plugins\/elementor\/assets\/css\/widget-icon-list.min.css\">\n<ul>\n<li>\n\t\t\t\t\t\t\t\t\t\tkm 34.2 carretera hacia Antigua Guatemala, Santa Luc\u00eda Milpas Altas,  sobre la carretera, antes de iniciar bajada hacia Antigua Guatemala.\n\t\t\t\t\t\t\t\t\t<\/li>\n<li>\n\t\t\t\t\t\t\t\t\t\t7964-2400\n\t\t\t\t\t\t\t\t\t<\/li>\n<li>\n\t\t\t\t\t\t\t\t\t\tinfo@lesuissespa.com\n\t\t\t\t\t\t\t\t\t<\/li>\n<\/ul>\n","protected":false},"excerpt":{"rendered":"<p>Contacto Cont\u00e1ctanos, ser\u00e1 un gusto atenderte km 34.2 carretera hacia Antigua Guatemala, Santa Luc\u00eda Milpas Altas, sobre la carretera, antes de iniciar bajada hacia Antigua Guatemala. 7964-2400 info@lesuissespa.com<\/p>\n","protected":false},"author":1,"featured_media":0,"parent":0,"menu_order":0,"comment_status":"closed","ping_status":"closed","template":"","meta":[],"_links":{"self":[{"href":"https:\/\/demosestrategiasymas.com\/lesuissespa\/wp-json\/wp\/v2\/pages\/1287"}],"collection":[{"href":"https:\/\/demosestrategiasymas.com\/lesuissespa\/wp-json\/wp\/v2\/pages"}],"about":[{"href":"https:\/\/demosestrategiasymas.com\/lesuissespa\/wp-json\/wp\/v2\/types\/page"}],"author":[{"embeddable":true,"href":"https:\/\/demosestrategiasymas.com\/lesuissespa\/wp-json\/wp\/v2\/users\/1"}],"replies":[{"embeddable":true,"href":"https:\/\/demosestrategiasymas.com\/lesuissespa\/wp-json\/wp\/v2\/comments?post=1287"}],"version-history":[{"count":46,"href":"https:\/\/demosestrategiasymas.com\/lesuissespa\/wp-json\/wp\/v2\/pages\/1287\/revisions"}],"predecessor-version":[{"id":1788,"href":"https:\/\/demosestrategiasymas.com\/lesuissespa\/wp-json\/wp\/v2\/pages\/1287\/revisions\/1788"}],"wp:attachment":[{"href":"https:\/\/demosestrategiasymas.com\/lesuissespa\/wp-json\/wp\/v2\/media?parent=1287"}],"curies":[{"name":"wp","href":"https:\/\/api.w.org\/{rel}","templated":true}]}}