{"id":1347,"date":"2023-05-17T18:18:06","date_gmt":"2023-05-17T18:18:06","guid":{"rendered":"https:\/\/demosestrategiasymas.com\/lesuissespa\/?page_id=1347"},"modified":"2023-05-17T18:25:30","modified_gmt":"2023-05-17T18:25:30","slug":"paquetes-2","status":"publish","type":"page","link":"https:\/\/demosestrategiasymas.com\/lesuissespa\/paquetes-2\/","title":{"rendered":"Paquetes"},"content":{"rendered":"<style>\/*! elementor - v3.11.1 - 15-02-2023 *\/\n.elementor-heading-title{padding:0;margin:0;line-height:1}.elementor-widget-heading .elementor-heading-title[class*=elementor-size-]>a{color:inherit;font-size:inherit;line-height:inherit}.elementor-widget-heading .elementor-heading-title.elementor-size-small{font-size:15px}.elementor-widget-heading .elementor-heading-title.elementor-size-medium{font-size:19px}.elementor-widget-heading .elementor-heading-title.elementor-size-large{font-size:29px}.elementor-widget-heading .elementor-heading-title.elementor-size-xl{font-size:39px}.elementor-widget-heading .elementor-heading-title.elementor-size-xxl{font-size:59px}<\/style>\n<h2>En Le Suisse Spa<\/h2>\n<p>\t\tNuestra prioridad es tu salud, eliminar estr\u00e9s y que te relajes al mismo tiempo.\t\t<\/p>\n<h2>Paquetes pensados especialmente para ti<\/h2>\n<p>Ven y vive la mejor de las experiencias dentro de un espacio relajante y en armon\u00eda. Nuestro personal altamente capacitado te ayudar\u00e1 a vivir momentos que despertar\u00e1n todos tus sentidos., Dentro de un ambiente natural y sin salir de la ciudad.<\/p>\n<style>.elementor-151 .elementor-element.elementor-element-d287e04{--min-height:0px;--justify-content:center;--align-items:stretch;--container-widget-width:calc( ( 1 - var( --container-widget-flex-grow ) ) * 100% );--gap:0px;--overflow:hidden;--background-transition:0.3s;--overlay-opacity:0.5;border-style:solid;border-width:1px 1px 1px 1px;border-color:#455D585C;--border-radius:10px 10px 10px 10px;--margin-top:0px;--margin-right:0px;--margin-bottom:0px;--margin-left:0px;--padding-top:0px;--padding-right:0px;--padding-bottom:0px;--padding-left:0px;}.elementor-151 .elementor-element.elementor-element-d287e04::before, .elementor-151 .elementor-element.elementor-element-d287e04 > .elementor-background-video-container::before, .elementor-151 .elementor-element.elementor-element-d287e04 > .e-con-inner > .elementor-background-video-container::before, .elementor-151 .elementor-element.elementor-element-d287e04 > .elementor-background-slideshow::before, .elementor-151 .elementor-element.elementor-element-d287e04 > .e-con-inner > .elementor-background-slideshow::before, .elementor-151 .elementor-element.elementor-element-d287e04 > .elementor-motion-effects-container > .elementor-motion-effects-layer::before{--background-overlay:'';}.elementor-151 .elementor-element.elementor-element-d287e04:hover::before, .elementor-151 .elementor-element.elementor-element-d287e04:hover > .elementor-background-video-container::before, .elementor-151 .elementor-element.elementor-element-d287e04:hover > .e-con-inner > .elementor-background-video-container::before, .elementor-151 .elementor-element.elementor-element-d287e04 > .elementor-background-slideshow:hover::before, .elementor-151 .elementor-element.elementor-element-d287e04 > .e-con-inner > .elementor-background-slideshow:hover::before{--background-overlay:'';}.elementor-151 .elementor-element.elementor-element-d287e04:hover{--overlay-opacity:0.5;box-shadow:11px 13px 21px -17px rgba(0, 0, 0, 0.28);}.elementor-151 .elementor-element.elementor-element-d287e04, .elementor-151 .elementor-element.elementor-element-d287e04::before{--border-transition:0.3s;}.elementor-151 .elementor-element.elementor-element-cc06027 img{width:100%;max-width:100%;height:343px;object-fit:cover;}.elementor-151 .elementor-element.elementor-element-cc06027 > .elementor-widget-container{margin:0px 0px 0px 0px;padding:0px 0px 0px 0px;}.elementor-151 .elementor-element.elementor-element-c7cc0ae{--content-width:1200px;--min-height:100px;--flex-direction:column;--container-widget-width:calc( ( 1 - var( --container-widget-flex-grow ) ) * 100% );--container-widget-height:initial;--container-widget-flex-grow:0;--container-widget-align-self:initial;--justify-content:center;--align-items:center;--gap:8px;--background-transition:0.3s;--border-radius:0px 0px 20px 20px;--margin-top:0px;--margin-right:0px;--margin-bottom:0px;--margin-left:0px;--padding-top:2rem;--padding-right:1rem;--padding-bottom:2rem;--padding-left:1rem;}.elementor-151 .elementor-element.elementor-element-c7cc0ae, .elementor-151 .elementor-element.elementor-element-c7cc0ae::before{--border-transition:0.3s;}.elementor-151 .elementor-element.elementor-element-b152d54{text-align:center;}.elementor-151 .elementor-element.elementor-element-b152d54 .elementor-heading-title{color:var( --e-global-color-6214029 );font-size:24px;font-weight:500;line-height:1.2em;}.elementor-151 .elementor-element.elementor-element-b152d54 > .elementor-widget-container{margin:0px 0px 8px 0px;}.elementor-151 .elementor-element.elementor-element-5876cd7 .elementor-button{font-family:\"Roboto\", Sans-serif;font-size:16px;font-weight:400;fill:var( --e-global-color-6214029 );color:var( --e-global-color-6214029 );background-color:#61CE7000;border-style:solid;border-width:1px 1px 1px 1px;border-color:var( --e-global-color-6214029 );padding:8px 34px 8px 34px;}.jet-listing-item.single-jet-engine.elementor-page-151 > .elementor{width:300px;margin-left:auto;margin-right:auto;}<\/style>\n<p>\t\t\t<a href=\"#\" role=\"button\"><br \/>\n\t\t\t\t\t\tExplorar<br \/>\n\t\t\t\t\t<\/a><br \/>\n\t\t<a href=\"https:\/\/demosestrategiasymas.com\/lesuissespa\/categorias\/servicios-masajes-faciales-y-mas\/\"><\/a><\/p>\n<style>.elementor-151 .elementor-element.elementor-element-d287e04{--min-height:0px;--justify-content:center;--align-items:stretch;--container-widget-width:calc( ( 1 - var( --container-widget-flex-grow ) ) * 100% );--gap:0px;--overflow:hidden;--background-transition:0.3s;--overlay-opacity:0.5;border-style:solid;border-width:1px 1px 1px 1px;border-color:#455D585C;--border-radius:10px 10px 10px 10px;--margin-top:0px;--margin-right:0px;--margin-bottom:0px;--margin-left:0px;--padding-top:0px;--padding-right:0px;--padding-bottom:0px;--padding-left:0px;}.elementor-151 .elementor-element.elementor-element-d287e04::before, .elementor-151 .elementor-element.elementor-element-d287e04 > .elementor-background-video-container::before, .elementor-151 .elementor-element.elementor-element-d287e04 > .e-con-inner > .elementor-background-video-container::before, .elementor-151 .elementor-element.elementor-element-d287e04 > .elementor-background-slideshow::before, .elementor-151 .elementor-element.elementor-element-d287e04 > .e-con-inner > .elementor-background-slideshow::before, .elementor-151 .elementor-element.elementor-element-d287e04 > .elementor-motion-effects-container > .elementor-motion-effects-layer::before{--background-overlay:'';}.elementor-151 .elementor-element.elementor-element-d287e04:hover::before, .elementor-151 .elementor-element.elementor-element-d287e04:hover > .elementor-background-video-container::before, .elementor-151 .elementor-element.elementor-element-d287e04:hover > .e-con-inner > .elementor-background-video-container::before, .elementor-151 .elementor-element.elementor-element-d287e04 > .elementor-background-slideshow:hover::before, .elementor-151 .elementor-element.elementor-element-d287e04 > .e-con-inner > .elementor-background-slideshow:hover::before{--background-overlay:'';}.elementor-151 .elementor-element.elementor-element-d287e04:hover{--overlay-opacity:0.5;box-shadow:11px 13px 21px -17px rgba(0, 0, 0, 0.28);}.elementor-151 .elementor-element.elementor-element-d287e04, .elementor-151 .elementor-element.elementor-element-d287e04::before{--border-transition:0.3s;}.elementor-151 .elementor-element.elementor-element-cc06027 img{width:100%;max-width:100%;height:343px;object-fit:cover;}.elementor-151 .elementor-element.elementor-element-cc06027 > .elementor-widget-container{margin:0px 0px 0px 0px;padding:0px 0px 0px 0px;}.elementor-151 .elementor-element.elementor-element-c7cc0ae{--content-width:1200px;--min-height:100px;--flex-direction:column;--container-widget-width:calc( ( 1 - var( --container-widget-flex-grow ) ) * 100% );--container-widget-height:initial;--container-widget-flex-grow:0;--container-widget-align-self:initial;--justify-content:center;--align-items:center;--gap:8px;--background-transition:0.3s;--border-radius:0px 0px 20px 20px;--margin-top:0px;--margin-right:0px;--margin-bottom:0px;--margin-left:0px;--padding-top:2rem;--padding-right:1rem;--padding-bottom:2rem;--padding-left:1rem;}.elementor-151 .elementor-element.elementor-element-c7cc0ae, .elementor-151 .elementor-element.elementor-element-c7cc0ae::before{--border-transition:0.3s;}.elementor-151 .elementor-element.elementor-element-b152d54{text-align:center;}.elementor-151 .elementor-element.elementor-element-b152d54 .elementor-heading-title{color:var( --e-global-color-6214029 );font-size:24px;font-weight:500;line-height:1.2em;}.elementor-151 .elementor-element.elementor-element-b152d54 > .elementor-widget-container{margin:0px 0px 8px 0px;}.elementor-151 .elementor-element.elementor-element-5876cd7 .elementor-button{font-family:\"Roboto\", Sans-serif;font-size:16px;font-weight:400;fill:var( --e-global-color-6214029 );color:var( --e-global-color-6214029 );background-color:#61CE7000;border-style:solid;border-width:1px 1px 1px 1px;border-color:var( --e-global-color-6214029 );padding:8px 34px 8px 34px;}.jet-listing-item.single-jet-engine.elementor-page-151 > .elementor{width:300px;margin-left:auto;margin-right:auto;}<\/style>\n<p>\t\t\t<a href=\"#\" role=\"button\"><br \/>\n\t\t\t\t\t\tExplorar<br \/>\n\t\t\t\t\t<\/a><br \/>\n\t\t<a href=\"https:\/\/demosestrategiasymas.com\/lesuissespa\/categorias\/paquetes-romanticos\/\"><\/a><\/p>\n<style>.elementor-151 .elementor-element.elementor-element-d287e04{--min-height:0px;--justify-content:center;--align-items:stretch;--container-widget-width:calc( ( 1 - var( --container-widget-flex-grow ) ) * 100% );--gap:0px;--overflow:hidden;--background-transition:0.3s;--overlay-opacity:0.5;border-style:solid;border-width:1px 1px 1px 1px;border-color:#455D585C;--border-radius:10px 10px 10px 10px;--margin-top:0px;--margin-right:0px;--margin-bottom:0px;--margin-left:0px;--padding-top:0px;--padding-right:0px;--padding-bottom:0px;--padding-left:0px;}.elementor-151 .elementor-element.elementor-element-d287e04::before, .elementor-151 .elementor-element.elementor-element-d287e04 > .elementor-background-video-container::before, .elementor-151 .elementor-element.elementor-element-d287e04 > .e-con-inner > .elementor-background-video-container::before, .elementor-151 .elementor-element.elementor-element-d287e04 > .elementor-background-slideshow::before, .elementor-151 .elementor-element.elementor-element-d287e04 > .e-con-inner > .elementor-background-slideshow::before, .elementor-151 .elementor-element.elementor-element-d287e04 > .elementor-motion-effects-container > .elementor-motion-effects-layer::before{--background-overlay:'';}.elementor-151 .elementor-element.elementor-element-d287e04:hover::before, .elementor-151 .elementor-element.elementor-element-d287e04:hover > .elementor-background-video-container::before, .elementor-151 .elementor-element.elementor-element-d287e04:hover > .e-con-inner > .elementor-background-video-container::before, .elementor-151 .elementor-element.elementor-element-d287e04 > .elementor-background-slideshow:hover::before, .elementor-151 .elementor-element.elementor-element-d287e04 > .e-con-inner > .elementor-background-slideshow:hover::before{--background-overlay:'';}.elementor-151 .elementor-element.elementor-element-d287e04:hover{--overlay-opacity:0.5;box-shadow:11px 13px 21px -17px rgba(0, 0, 0, 0.28);}.elementor-151 .elementor-element.elementor-element-d287e04, .elementor-151 .elementor-element.elementor-element-d287e04::before{--border-transition:0.3s;}.elementor-151 .elementor-element.elementor-element-cc06027 img{width:100%;max-width:100%;height:343px;object-fit:cover;}.elementor-151 .elementor-element.elementor-element-cc06027 > .elementor-widget-container{margin:0px 0px 0px 0px;padding:0px 0px 0px 0px;}.elementor-151 .elementor-element.elementor-element-c7cc0ae{--content-width:1200px;--min-height:100px;--flex-direction:column;--container-widget-width:calc( ( 1 - var( --container-widget-flex-grow ) ) * 100% );--container-widget-height:initial;--container-widget-flex-grow:0;--container-widget-align-self:initial;--justify-content:center;--align-items:center;--gap:8px;--background-transition:0.3s;--border-radius:0px 0px 20px 20px;--margin-top:0px;--margin-right:0px;--margin-bottom:0px;--margin-left:0px;--padding-top:2rem;--padding-right:1rem;--padding-bottom:2rem;--padding-left:1rem;}.elementor-151 .elementor-element.elementor-element-c7cc0ae, .elementor-151 .elementor-element.elementor-element-c7cc0ae::before{--border-transition:0.3s;}.elementor-151 .elementor-element.elementor-element-b152d54{text-align:center;}.elementor-151 .elementor-element.elementor-element-b152d54 .elementor-heading-title{color:var( --e-global-color-6214029 );font-size:24px;font-weight:500;line-height:1.2em;}.elementor-151 .elementor-element.elementor-element-b152d54 > .elementor-widget-container{margin:0px 0px 8px 0px;}.elementor-151 .elementor-element.elementor-element-5876cd7 .elementor-button{font-family:\"Roboto\", Sans-serif;font-size:16px;font-weight:400;fill:var( --e-global-color-6214029 );color:var( --e-global-color-6214029 );background-color:#61CE7000;border-style:solid;border-width:1px 1px 1px 1px;border-color:var( --e-global-color-6214029 );padding:8px 34px 8px 34px;}.jet-listing-item.single-jet-engine.elementor-page-151 > .elementor{width:300px;margin-left:auto;margin-right:auto;}<\/style>\n<p>\t\t\t<a href=\"#\" role=\"button\"><br \/>\n\t\t\t\t\t\tExplorar<br \/>\n\t\t\t\t\t<\/a><br \/>\n\t\t<a href=\"https:\/\/demosestrategiasymas.com\/lesuissespa\/categorias\/hospedaje\/\"><\/a><\/p>\n<style>.elementor-151 .elementor-element.elementor-element-d287e04{--min-height:0px;--justify-content:center;--align-items:stretch;--container-widget-width:calc( ( 1 - var( --container-widget-flex-grow ) ) * 100% );--gap:0px;--overflow:hidden;--background-transition:0.3s;--overlay-opacity:0.5;border-style:solid;border-width:1px 1px 1px 1px;border-color:#455D585C;--border-radius:10px 10px 10px 10px;--margin-top:0px;--margin-right:0px;--margin-bottom:0px;--margin-left:0px;--padding-top:0px;--padding-right:0px;--padding-bottom:0px;--padding-left:0px;}.elementor-151 .elementor-element.elementor-element-d287e04::before, .elementor-151 .elementor-element.elementor-element-d287e04 > .elementor-background-video-container::before, .elementor-151 .elementor-element.elementor-element-d287e04 > .e-con-inner > .elementor-background-video-container::before, .elementor-151 .elementor-element.elementor-element-d287e04 > .elementor-background-slideshow::before, .elementor-151 .elementor-element.elementor-element-d287e04 > .e-con-inner > .elementor-background-slideshow::before, .elementor-151 .elementor-element.elementor-element-d287e04 > .elementor-motion-effects-container > .elementor-motion-effects-layer::before{--background-overlay:'';}.elementor-151 .elementor-element.elementor-element-d287e04:hover::before, .elementor-151 .elementor-element.elementor-element-d287e04:hover > .elementor-background-video-container::before, .elementor-151 .elementor-element.elementor-element-d287e04:hover > .e-con-inner > .elementor-background-video-container::before, .elementor-151 .elementor-element.elementor-element-d287e04 > .elementor-background-slideshow:hover::before, .elementor-151 .elementor-element.elementor-element-d287e04 > .e-con-inner > .elementor-background-slideshow:hover::before{--background-overlay:'';}.elementor-151 .elementor-element.elementor-element-d287e04:hover{--overlay-opacity:0.5;box-shadow:11px 13px 21px -17px rgba(0, 0, 0, 0.28);}.elementor-151 .elementor-element.elementor-element-d287e04, .elementor-151 .elementor-element.elementor-element-d287e04::before{--border-transition:0.3s;}.elementor-151 .elementor-element.elementor-element-cc06027 img{width:100%;max-width:100%;height:343px;object-fit:cover;}.elementor-151 .elementor-element.elementor-element-cc06027 > .elementor-widget-container{margin:0px 0px 0px 0px;padding:0px 0px 0px 0px;}.elementor-151 .elementor-element.elementor-element-c7cc0ae{--content-width:1200px;--min-height:100px;--flex-direction:column;--container-widget-width:calc( ( 1 - var( --container-widget-flex-grow ) ) * 100% );--container-widget-height:initial;--container-widget-flex-grow:0;--container-widget-align-self:initial;--justify-content:center;--align-items:center;--gap:8px;--background-transition:0.3s;--border-radius:0px 0px 20px 20px;--margin-top:0px;--margin-right:0px;--margin-bottom:0px;--margin-left:0px;--padding-top:2rem;--padding-right:1rem;--padding-bottom:2rem;--padding-left:1rem;}.elementor-151 .elementor-element.elementor-element-c7cc0ae, .elementor-151 .elementor-element.elementor-element-c7cc0ae::before{--border-transition:0.3s;}.elementor-151 .elementor-element.elementor-element-b152d54{text-align:center;}.elementor-151 .elementor-element.elementor-element-b152d54 .elementor-heading-title{color:var( --e-global-color-6214029 );font-size:24px;font-weight:500;line-height:1.2em;}.elementor-151 .elementor-element.elementor-element-b152d54 > .elementor-widget-container{margin:0px 0px 8px 0px;}.elementor-151 .elementor-element.elementor-element-5876cd7 .elementor-button{font-family:\"Roboto\", Sans-serif;font-size:16px;font-weight:400;fill:var( --e-global-color-6214029 );color:var( --e-global-color-6214029 );background-color:#61CE7000;border-style:solid;border-width:1px 1px 1px 1px;border-color:var( --e-global-color-6214029 );padding:8px 34px 8px 34px;}.jet-listing-item.single-jet-engine.elementor-page-151 > .elementor{width:300px;margin-left:auto;margin-right:auto;}<\/style>\n<p>\t\t\t<a href=\"#\" role=\"button\"><br \/>\n\t\t\t\t\t\tExplorar<br \/>\n\t\t\t\t\t<\/a><br \/>\n\t\t<a href=\"https:\/\/demosestrategiasymas.com\/lesuissespa\/categorias\/day-pass\/\"><\/a><\/p>\n<style>.elementor-151 .elementor-element.elementor-element-d287e04{--min-height:0px;--justify-content:center;--align-items:stretch;--container-widget-width:calc( ( 1 - var( --container-widget-flex-grow ) ) * 100% );--gap:0px;--overflow:hidden;--background-transition:0.3s;--overlay-opacity:0.5;border-style:solid;border-width:1px 1px 1px 1px;border-color:#455D585C;--border-radius:10px 10px 10px 10px;--margin-top:0px;--margin-right:0px;--margin-bottom:0px;--margin-left:0px;--padding-top:0px;--padding-right:0px;--padding-bottom:0px;--padding-left:0px;}.elementor-151 .elementor-element.elementor-element-d287e04::before, .elementor-151 .elementor-element.elementor-element-d287e04 > .elementor-background-video-container::before, .elementor-151 .elementor-element.elementor-element-d287e04 > .e-con-inner > .elementor-background-video-container::before, .elementor-151 .elementor-element.elementor-element-d287e04 > .elementor-background-slideshow::before, .elementor-151 .elementor-element.elementor-element-d287e04 > .e-con-inner > .elementor-background-slideshow::before, .elementor-151 .elementor-element.elementor-element-d287e04 > .elementor-motion-effects-container > .elementor-motion-effects-layer::before{--background-overlay:'';}.elementor-151 .elementor-element.elementor-element-d287e04:hover::before, .elementor-151 .elementor-element.elementor-element-d287e04:hover > .elementor-background-video-container::before, .elementor-151 .elementor-element.elementor-element-d287e04:hover > .e-con-inner > .elementor-background-video-container::before, .elementor-151 .elementor-element.elementor-element-d287e04 > .elementor-background-slideshow:hover::before, .elementor-151 .elementor-element.elementor-element-d287e04 > .e-con-inner > .elementor-background-slideshow:hover::before{--background-overlay:'';}.elementor-151 .elementor-element.elementor-element-d287e04:hover{--overlay-opacity:0.5;box-shadow:11px 13px 21px -17px rgba(0, 0, 0, 0.28);}.elementor-151 .elementor-element.elementor-element-d287e04, .elementor-151 .elementor-element.elementor-element-d287e04::before{--border-transition:0.3s;}.elementor-151 .elementor-element.elementor-element-cc06027 img{width:100%;max-width:100%;height:343px;object-fit:cover;}.elementor-151 .elementor-element.elementor-element-cc06027 > .elementor-widget-container{margin:0px 0px 0px 0px;padding:0px 0px 0px 0px;}.elementor-151 .elementor-element.elementor-element-c7cc0ae{--content-width:1200px;--min-height:100px;--flex-direction:column;--container-widget-width:calc( ( 1 - var( --container-widget-flex-grow ) ) * 100% );--container-widget-height:initial;--container-widget-flex-grow:0;--container-widget-align-self:initial;--justify-content:center;--align-items:center;--gap:8px;--background-transition:0.3s;--border-radius:0px 0px 20px 20px;--margin-top:0px;--margin-right:0px;--margin-bottom:0px;--margin-left:0px;--padding-top:2rem;--padding-right:1rem;--padding-bottom:2rem;--padding-left:1rem;}.elementor-151 .elementor-element.elementor-element-c7cc0ae, .elementor-151 .elementor-element.elementor-element-c7cc0ae::before{--border-transition:0.3s;}.elementor-151 .elementor-element.elementor-element-b152d54{text-align:center;}.elementor-151 .elementor-element.elementor-element-b152d54 .elementor-heading-title{color:var( --e-global-color-6214029 );font-size:24px;font-weight:500;line-height:1.2em;}.elementor-151 .elementor-element.elementor-element-b152d54 > .elementor-widget-container{margin:0px 0px 8px 0px;}.elementor-151 .elementor-element.elementor-element-5876cd7 .elementor-button{font-family:\"Roboto\", Sans-serif;font-size:16px;font-weight:400;fill:var( --e-global-color-6214029 );color:var( --e-global-color-6214029 );background-color:#61CE7000;border-style:solid;border-width:1px 1px 1px 1px;border-color:var( --e-global-color-6214029 );padding:8px 34px 8px 34px;}.jet-listing-item.single-jet-engine.elementor-page-151 > .elementor{width:300px;margin-left:auto;margin-right:auto;}<\/style>\n<p>\t\t\t<a href=\"#\" role=\"button\"><br \/>\n\t\t\t\t\t\tExplorar<br \/>\n\t\t\t\t\t<\/a><br \/>\n\t\t<a href=\"https:\/\/demosestrategiasymas.com\/lesuissespa\/categorias\/clinica\/\"><\/a><\/p>\n","protected":false},"excerpt":{"rendered":"<p>En Le Suisse Spa Nuestra prioridad es tu salud, eliminar estr\u00e9s y que te relajes al mismo tiempo. Paquetes pensados especialmente para ti Ven y vive la mejor de las experiencias dentro de un espacio relajante y en armon\u00eda. Nuestro personal altamente capacitado te ayudar\u00e1 a vivir momentos que despertar\u00e1n todos tus sentidos., Dentro de [&hellip;]<\/p>\n","protected":false},"author":1,"featured_media":0,"parent":0,"menu_order":0,"comment_status":"closed","ping_status":"closed","template":"","meta":[],"_links":{"self":[{"href":"https:\/\/demosestrategiasymas.com\/lesuissespa\/wp-json\/wp\/v2\/pages\/1347"}],"collection":[{"href":"https:\/\/demosestrategiasymas.com\/lesuissespa\/wp-json\/wp\/v2\/pages"}],"about":[{"href":"https:\/\/demosestrategiasymas.com\/lesuissespa\/wp-json\/wp\/v2\/types\/page"}],"author":[{"embeddable":true,"href":"https:\/\/demosestrategiasymas.com\/lesuissespa\/wp-json\/wp\/v2\/users\/1"}],"replies":[{"embeddable":true,"href":"https:\/\/demosestrategiasymas.com\/lesuissespa\/wp-json\/wp\/v2\/comments?post=1347"}],"version-history":[{"count":10,"href":"https:\/\/demosestrategiasymas.com\/lesuissespa\/wp-json\/wp\/v2\/pages\/1347\/revisions"}],"predecessor-version":[{"id":1360,"href":"https:\/\/demosestrategiasymas.com\/lesuissespa\/wp-json\/wp\/v2\/pages\/1347\/revisions\/1360"}],"wp:attachment":[{"href":"https:\/\/demosestrategiasymas.com\/lesuissespa\/wp-json\/wp\/v2\/media?parent=1347"}],"curies":[{"name":"wp","href":"https:\/\/api.w.org\/{rel}","templated":true}]}}