{"id":1593,"date":"2023-06-29T15:55:19","date_gmt":"2023-06-29T15:55:19","guid":{"rendered":"https:\/\/demosestrategiasymas.com\/lesuissespa\/?page_id=1593"},"modified":"2023-07-05T20:04:35","modified_gmt":"2023-07-05T20:04:35","slug":"gif-card","status":"publish","type":"page","link":"https:\/\/demosestrategiasymas.com\/lesuissespa\/gif-card\/","title":{"rendered":"Gif Card"},"content":{"rendered":"<style>\/*! elementor - v3.11.1 - 15-02-2023 *\/\n.elementor-heading-title{padding:0;margin:0;line-height:1}.elementor-widget-heading .elementor-heading-title[class*=elementor-size-]>a{color:inherit;font-size:inherit;line-height:inherit}.elementor-widget-heading .elementor-heading-title.elementor-size-small{font-size:15px}.elementor-widget-heading .elementor-heading-title.elementor-size-medium{font-size:19px}.elementor-widget-heading .elementor-heading-title.elementor-size-large{font-size:29px}.elementor-widget-heading .elementor-heading-title.elementor-size-xl{font-size:39px}.elementor-widget-heading .elementor-heading-title.elementor-size-xxl{font-size:59px}<\/style>\n<h1>El regalo perfecto<\/h1>\n<p>\t\t\t<a href=\"#next\"><br \/>\n\t\t\t\t\t\t<\/a><\/p>\n<h2>Consciente a lo grande<\/h2>\n<p>Regala una Gif Card para que tu ser querido pueda escoger lo que desee.<\/p>\n<ul data-layout-mode=\"grid\">\n<li>\n                        <img decoding=\"async\" width=\"300\" height=\"146\" src=\"https:\/\/demosestrategiasymas.com\/lesuissespa\/wp-content\/uploads\/2023\/06\/Sin-titulo-1-01-300x146.webp\" alt=\"\" loading=\"eager\" \/><br \/>\n            <a href=\"https:\/\/demosestrategiasymas.com\/lesuissespa\/tienda\/gif-card\/gif-card\/\"><\/p>\n<h2>GIF CARD Q100<\/h2>\n<p><\/a><br \/>\n            <bdi>Q100.00<\/bdi>            <a href=\"?add-to-cart=1572\" data-quantity=\"1\" data-product_id=\"1572\" data-product_sku=\"\" aria-label=\"A\u00f1ade &ldquo;GIF CARD Q100&rdquo; a tu carrito\" aria-describedby=\"\" rel=\"nofollow\">A\u00f1adir al carrito<\/a>\n    <\/li>\n<li>\n                        <img decoding=\"async\" width=\"300\" height=\"146\" src=\"https:\/\/demosestrategiasymas.com\/lesuissespa\/wp-content\/uploads\/2023\/06\/Sin-titulo-1-200-300x146.webp\" alt=\"\" loading=\"eager\" \/><br \/>\n            <a href=\"https:\/\/demosestrategiasymas.com\/lesuissespa\/tienda\/gif-card\/gif-card-2\/\"><\/p>\n<h2>GIF CARD Q200<\/h2>\n<p><\/a><br \/>\n            <bdi>Q200.00<\/bdi>            <a href=\"?add-to-cart=1574\" data-quantity=\"1\" data-product_id=\"1574\" data-product_sku=\"\" aria-label=\"A\u00f1ade &ldquo;GIF CARD Q200&rdquo; a tu carrito\" aria-describedby=\"\" rel=\"nofollow\">A\u00f1adir al carrito<\/a>\n    <\/li>\n<li>\n                        <img decoding=\"async\" width=\"300\" height=\"146\" src=\"https:\/\/demosestrategiasymas.com\/lesuissespa\/wp-content\/uploads\/2023\/06\/Sin-titulo-1-0300-300x146.webp\" alt=\"\" loading=\"eager\" \/><br \/>\n            <a href=\"https:\/\/demosestrategiasymas.com\/lesuissespa\/tienda\/gif-card\/gif-card-q300\/\"><\/p>\n<h2>GIF CARD Q300<\/h2>\n<p><\/a><br \/>\n            <bdi>Q300.00<\/bdi>            <a href=\"?add-to-cart=1576\" data-quantity=\"1\" data-product_id=\"1576\" data-product_sku=\"\" aria-label=\"A\u00f1ade &ldquo;GIF CARD Q300&rdquo; a tu carrito\" aria-describedby=\"\" rel=\"nofollow\">A\u00f1adir al carrito<\/a>\n    <\/li>\n<li>\n                        <img decoding=\"async\" width=\"300\" height=\"146\" src=\"https:\/\/demosestrategiasymas.com\/lesuissespa\/wp-content\/uploads\/2023\/06\/Sin-titulo-400-300x146.webp\" alt=\"\" loading=\"eager\" \/><br \/>\n            <a href=\"https:\/\/demosestrategiasymas.com\/lesuissespa\/tienda\/gif-card\/gif-card-q400\/\"><\/p>\n<h2>GIF CARD Q400<\/h2>\n<p><\/a><br \/>\n            <bdi>Q400.00<\/bdi>            <a href=\"?add-to-cart=1578\" data-quantity=\"1\" data-product_id=\"1578\" data-product_sku=\"\" aria-label=\"A\u00f1ade &ldquo;GIF CARD Q400&rdquo; a tu carrito\" aria-describedby=\"\" rel=\"nofollow\">A\u00f1adir al carrito<\/a>\n    <\/li>\n<li>\n                        <img decoding=\"async\" width=\"300\" height=\"146\" src=\"https:\/\/demosestrategiasymas.com\/lesuissespa\/wp-content\/uploads\/2023\/06\/Sin-titulo-1-0500-300x146.webp\" alt=\"\" loading=\"eager\" \/><br \/>\n            <a href=\"https:\/\/demosestrategiasymas.com\/lesuissespa\/tienda\/gif-card\/gif-card-q500\/\"><\/p>\n<h2>GIF CARD Q500<\/h2>\n<p><\/a><br \/>\n            <bdi>Q500.00<\/bdi>            <a href=\"?add-to-cart=1580\" data-quantity=\"1\" data-product_id=\"1580\" data-product_sku=\"\" aria-label=\"A\u00f1ade &ldquo;GIF CARD Q500&rdquo; a tu carrito\" aria-describedby=\"\" rel=\"nofollow\">A\u00f1adir al carrito<\/a>\n    <\/li>\n<li>\n                        <img decoding=\"async\" width=\"300\" height=\"146\" src=\"https:\/\/demosestrategiasymas.com\/lesuissespa\/wp-content\/uploads\/2023\/06\/Sin-titulo-1-0600-300x146.webp\" alt=\"\" loading=\"eager\" \/><br \/>\n            <a href=\"https:\/\/demosestrategiasymas.com\/lesuissespa\/tienda\/gif-card\/gif-card-q600\/\"><\/p>\n<h2>GIF CARD Q600<\/h2>\n<p><\/a><br \/>\n            <bdi>Q600.00<\/bdi>            <a href=\"?add-to-cart=1588\" data-quantity=\"1\" data-product_id=\"1588\" data-product_sku=\"\" aria-label=\"A\u00f1ade &ldquo;GIF CARD Q600&rdquo; a tu carrito\" aria-describedby=\"\" rel=\"nofollow\">A\u00f1adir al carrito<\/a>\n    <\/li>\n<li>\n                        <img decoding=\"async\" width=\"300\" height=\"146\" src=\"https:\/\/demosestrategiasymas.com\/lesuissespa\/wp-content\/uploads\/2023\/06\/Sin-titulo-1-0700-300x146.webp\" alt=\"\" loading=\"eager\" \/><br \/>\n            <a href=\"https:\/\/demosestrategiasymas.com\/lesuissespa\/tienda\/gif-card\/gif-card-q700\/\"><\/p>\n<h2>GIF CARD Q700<\/h2>\n<p><\/a><br \/>\n            <bdi>Q700.00<\/bdi>            <a href=\"?add-to-cart=1589\" data-quantity=\"1\" data-product_id=\"1589\" data-product_sku=\"\" aria-label=\"A\u00f1ade &ldquo;GIF CARD Q700&rdquo; a tu carrito\" aria-describedby=\"\" rel=\"nofollow\">A\u00f1adir al carrito<\/a>\n    <\/li>\n<li>\n                        <img decoding=\"async\" width=\"300\" height=\"146\" src=\"https:\/\/demosestrategiasymas.com\/lesuissespa\/wp-content\/uploads\/2023\/06\/Sin-titulo-1-0800-300x146.webp\" alt=\"\" loading=\"eager\" \/><br \/>\n            <a href=\"https:\/\/demosestrategiasymas.com\/lesuissespa\/tienda\/gif-card\/gif-card-q800\/\"><\/p>\n<h2>GIF CARD Q800<\/h2>\n<p><\/a><br \/>\n            <bdi>Q800.00<\/bdi>            <a href=\"?add-to-cart=1590\" data-quantity=\"1\" data-product_id=\"1590\" data-product_sku=\"\" aria-label=\"A\u00f1ade &ldquo;GIF CARD Q800&rdquo; a tu carrito\" aria-describedby=\"\" rel=\"nofollow\">A\u00f1adir al carrito<\/a>\n    <\/li>\n<li>\n                        <img decoding=\"async\" width=\"300\" height=\"146\" src=\"https:\/\/demosestrategiasymas.com\/lesuissespa\/wp-content\/uploads\/2023\/06\/Sin-titulo-1-0900-300x146.webp\" alt=\"\" loading=\"eager\" \/><br \/>\n            <a href=\"https:\/\/demosestrategiasymas.com\/lesuissespa\/tienda\/gif-card\/gif-card-q900\/\"><\/p>\n<h2>GIF CARD Q900<\/h2>\n<p><\/a><br \/>\n            <bdi>Q900.00<\/bdi>            <a href=\"?add-to-cart=1591\" data-quantity=\"1\" data-product_id=\"1591\" data-product_sku=\"\" aria-label=\"A\u00f1ade &ldquo;GIF CARD Q900&rdquo; a tu carrito\" aria-describedby=\"\" rel=\"nofollow\">A\u00f1adir al carrito<\/a>\n    <\/li>\n<li>\n                        <img decoding=\"async\" width=\"300\" height=\"146\" src=\"https:\/\/demosestrategiasymas.com\/lesuissespa\/wp-content\/uploads\/2023\/06\/Sin-titulo-1-1000-300x146.webp\" alt=\"\" loading=\"eager\" \/><br \/>\n            <a href=\"https:\/\/demosestrategiasymas.com\/lesuissespa\/tienda\/gif-card\/gif-card-q1000\/\"><\/p>\n<h2>GIF CARD Q1000<\/h2>\n<p><\/a><br \/>\n            <bdi>Q1,000.00<\/bdi>            <a href=\"?add-to-cart=1592\" data-quantity=\"1\" data-product_id=\"1592\" data-product_sku=\"\" aria-label=\"A\u00f1ade &ldquo;GIF CARD Q1000&rdquo; a tu carrito\" aria-describedby=\"\" rel=\"nofollow\">A\u00f1adir al carrito<\/a>\n    <\/li>\n<li>\n                        <img decoding=\"async\" width=\"300\" height=\"300\" src=\"https:\/\/demosestrategiasymas.com\/lesuissespa\/wp-content\/uploads\/woocommerce-placeholder-300x300.png\" alt=\"Marcador\" loading=\"eager\" \/><br \/>\n            <a href=\"https:\/\/demosestrategiasymas.com\/lesuissespa\/tienda\/sin-categorizar\/appointment\/\"><\/p>\n<h2>Appointment<\/h2>\n<p><\/a><br \/>\n            <bdi>Q1.00<\/bdi>            <a href=\"?add-to-cart=1755\" data-quantity=\"1\" data-product_id=\"1755\" data-product_sku=\"\" aria-label=\"A\u00f1ade &ldquo;Appointment&rdquo; a tu carrito\" aria-describedby=\"\" rel=\"nofollow\">A\u00f1adir al carrito<\/a>\n    <\/li>\n<\/ul>\n","protected":false},"excerpt":{"rendered":"<p>El regalo perfecto Consciente a lo grande Regala una Gif Card para que tu ser querido pueda escoger lo que desee. GIF CARD Q100 Q100.00 A\u00f1adir al carrito GIF CARD Q200 Q200.00 A\u00f1adir al carrito GIF CARD Q300 Q300.00 A\u00f1adir al carrito GIF CARD Q400 Q400.00 A\u00f1adir al carrito GIF CARD Q500 Q500.00 A\u00f1adir al [&hellip;]<\/p>\n","protected":false},"author":1,"featured_media":0,"parent":0,"menu_order":0,"comment_status":"closed","ping_status":"closed","template":"elementor_header_footer","meta":[],"_links":{"self":[{"href":"https:\/\/demosestrategiasymas.com\/lesuissespa\/wp-json\/wp\/v2\/pages\/1593"}],"collection":[{"href":"https:\/\/demosestrategiasymas.com\/lesuissespa\/wp-json\/wp\/v2\/pages"}],"about":[{"href":"https:\/\/demosestrategiasymas.com\/lesuissespa\/wp-json\/wp\/v2\/types\/page"}],"author":[{"embeddable":true,"href":"https:\/\/demosestrategiasymas.com\/lesuissespa\/wp-json\/wp\/v2\/users\/1"}],"replies":[{"embeddable":true,"href":"https:\/\/demosestrategiasymas.com\/lesuissespa\/wp-json\/wp\/v2\/comments?post=1593"}],"version-history":[{"count":64,"href":"https:\/\/demosestrategiasymas.com\/lesuissespa\/wp-json\/wp\/v2\/pages\/1593\/revisions"}],"predecessor-version":[{"id":1785,"href":"https:\/\/demosestrategiasymas.com\/lesuissespa\/wp-json\/wp\/v2\/pages\/1593\/revisions\/1785"}],"wp:attachment":[{"href":"https:\/\/demosestrategiasymas.com\/lesuissespa\/wp-json\/wp\/v2\/media?parent=1593"}],"curies":[{"name":"wp","href":"https:\/\/api.w.org\/{rel}","templated":true}]}}