{"id":2193,"date":"2023-08-25T22:21:42","date_gmt":"2023-08-25T22:21:42","guid":{"rendered":"https:\/\/demosestrategiasymas.com\/lesuissespa\/?page_id=2193"},"modified":"2025-11-14T18:36:21","modified_gmt":"2025-11-14T18:36:21","slug":"restaurante","status":"publish","type":"page","link":"https:\/\/demosestrategiasymas.com\/lesuissespa\/restaurante\/","title":{"rendered":"Restaurante"},"content":{"rendered":"<p><iframe loading=\"lazy\" title=\"LE SUISSE SPA Restaurante Mil Luces\" width=\"800\" height=\"450\" src=\"https:\/\/www.youtube.com\/embed\/xa1FmT7VY98?feature=oembed\" frameborder=\"0\" allow=\"accelerometer; autoplay; clipboard-write; encrypted-media; gyroscope; picture-in-picture; web-share\" allowfullscreen><\/iframe>\t\t<\/p>\n<style>\/*! elementor - v3.11.1 - 15-02-2023 *\/\n.elementor-heading-title{padding:0;margin:0;line-height:1}.elementor-widget-heading .elementor-heading-title[class*=elementor-size-]>a{color:inherit;font-size:inherit;line-height:inherit}.elementor-widget-heading .elementor-heading-title.elementor-size-small{font-size:15px}.elementor-widget-heading .elementor-heading-title.elementor-size-medium{font-size:19px}.elementor-widget-heading .elementor-heading-title.elementor-size-large{font-size:29px}.elementor-widget-heading .elementor-heading-title.elementor-size-xl{font-size:39px}.elementor-widget-heading .elementor-heading-title.elementor-size-xxl{font-size:59px}<\/style>\n<h2>Un men\u00fa pensado en ti<\/h2>\n<h2>Men\u00fa Familiar<\/h2>\n<p>Disfruta con tu familia de nuestros exquisitos platillos.<\/p>\n<p>\t\t\t<a href=\"https:\/\/demosestrategiasymas.com\/lesuissespa\/wp-content\/uploads\/2023\/08\/menu-final-restaurante.pdf\" role=\"button\"><br \/>\n\t\t\t\t\t\tDescargar men\u00fa<br \/>\n\t\t\t\t\t<\/a><\/p>\n<h2>Men\u00fa Cenas Rom\u00e1nticas<\/h2>\n<p>D\u00e9jate enamorar por nuestros platillos especiales<\/p>\n<p>\t\t\t<a href=\"https:\/\/demosestrategiasymas.com\/lesuissespa\/wp-content\/uploads\/2023\/08\/MENU-PARA-CENAS-ROMANTICAS-final.pdf\" role=\"button\"><br \/>\n\t\t\t\t\t\tDescargar men\u00fa<br \/>\n\t\t\t\t\t<\/a><\/p>\n<h2>Men\u00fa Bebidas<\/h2>\n<p>Refr\u00e9scate con una deliciosa bebida<\/p>\n<p>\t\t\t<a href=\"https:\/\/demosestrategiasymas.com\/lesuissespa\/wp-content\/uploads\/2023\/08\/MENU-BEBIDAS-le-suisse-spa.pdf\" role=\"button\"><br \/>\n\t\t\t\t\t\tDescargar men\u00fa<br \/>\n\t\t\t\t\t<\/a><\/p>\n<h2>Men\u00fa Bebidas premium<\/h2>\n<p>Las mejores bebidas las encuentras aqu\u00ed<\/p>\n<p>\t\t\t<a href=\"https:\/\/demosestrategiasymas.com\/lesuissespa\/wp-content\/uploads\/2023\/08\/bebidas-premium-le-suisse-spa.pdf\" role=\"button\"><br \/>\n\t\t\t\t\t\tDescargar men\u00fa<br \/>\n\t\t\t\t\t<\/a><\/p>\n","protected":false},"excerpt":{"rendered":"<p>Un men\u00fa pensado en ti Men\u00fa Familiar Disfruta con tu familia de nuestros exquisitos platillos. Descargar men\u00fa Men\u00fa Cenas Rom\u00e1nticas D\u00e9jate enamorar por nuestros platillos especiales Descargar men\u00fa Men\u00fa Bebidas Refr\u00e9scate con una deliciosa bebida Descargar men\u00fa Men\u00fa Bebidas premium Las mejores bebidas las encuentras aqu\u00ed Descargar men\u00fa<\/p>\n","protected":false},"author":1,"featured_media":0,"parent":0,"menu_order":0,"comment_status":"closed","ping_status":"closed","template":"","meta":[],"_links":{"self":[{"href":"https:\/\/demosestrategiasymas.com\/lesuissespa\/wp-json\/wp\/v2\/pages\/2193"}],"collection":[{"href":"https:\/\/demosestrategiasymas.com\/lesuissespa\/wp-json\/wp\/v2\/pages"}],"about":[{"href":"https:\/\/demosestrategiasymas.com\/lesuissespa\/wp-json\/wp\/v2\/types\/page"}],"author":[{"embeddable":true,"href":"https:\/\/demosestrategiasymas.com\/lesuissespa\/wp-json\/wp\/v2\/users\/1"}],"replies":[{"embeddable":true,"href":"https:\/\/demosestrategiasymas.com\/lesuissespa\/wp-json\/wp\/v2\/comments?post=2193"}],"version-history":[{"count":67,"href":"https:\/\/demosestrategiasymas.com\/lesuissespa\/wp-json\/wp\/v2\/pages\/2193\/revisions"}],"predecessor-version":[{"id":2277,"href":"https:\/\/demosestrategiasymas.com\/lesuissespa\/wp-json\/wp\/v2\/pages\/2193\/revisions\/2277"}],"wp:attachment":[{"href":"https:\/\/demosestrategiasymas.com\/lesuissespa\/wp-json\/wp\/v2\/media?parent=2193"}],"curies":[{"name":"wp","href":"https:\/\/api.w.org\/{rel}","templated":true}]}}